{"id":470,"date":"2023-05-02T17:32:14","date_gmt":"2023-05-02T17:32:14","guid":{"rendered":"http:\/\/fegg.uiz.ac.ma\/?page_id=470"},"modified":"2026-04-15T22:46:19","modified_gmt":"2026-04-15T22:46:19","slug":"mot-du-doyen","status":"publish","type":"page","link":"http:\/\/fegg.uiz.ac.ma\/?page_id=470","title":{"rendered":"Mot Du Doyen"},"content":{"rendered":"\t\t<div data-elementor-type=\"wp-page\" data-elementor-id=\"470\" class=\"elementor elementor-470\">\n\t\t\t\t\t\t\t\t\t<section class=\"elementor-section elementor-top-section elementor-element elementor-element-62c807c0 elementor-section-boxed elementor-section-height-default elementor-section-height-default\" data-id=\"62c807c0\" data-element_type=\"section\">\n\t\t\t\t\t\t<div class=\"elementor-container elementor-column-gap-default\">\n\t\t\t\t\t<div class=\"elementor-column elementor-col-100 elementor-top-column elementor-element elementor-element-5404b357\" data-id=\"5404b357\" data-element_type=\"column\">\n\t\t\t<div class=\"elementor-widget-wrap elementor-element-populated\">\n\t\t\t\t\t\t\t\t<div class=\"elementor-element elementor-element-8cbdf60 elementor-widget elementor-widget-image\" data-id=\"8cbdf60\" data-element_type=\"widget\" data-widget_type=\"image.default\">\n\t\t\t\t<div class=\"elementor-widget-container\">\n\t\t\t<style>\/*! elementor - v3.12.1 - 02-04-2023 *\/\n.elementor-widget-image{text-align:center}.elementor-widget-image a{display:inline-block}.elementor-widget-image a img[src$=\".svg\"]{width:48px}.elementor-widget-image img{vertical-align:middle;display:inline-block}<\/style>\t\t\t\t\t\t\t\t\t\t\t\t<img decoding=\"async\" width=\"1024\" height=\"683\" src=\"http:\/\/fegg.uiz.ac.ma\/wp-content\/uploads\/2026\/04\/IMG_0190-2048x1365-1-1024x683.jpg\" class=\"attachment-large size-large wp-image-3790\" alt=\"\" loading=\"lazy\" srcset=\"http:\/\/fegg.uiz.ac.ma\/wp-content\/uploads\/2026\/04\/IMG_0190-2048x1365-1-1024x683.jpg 1024w, http:\/\/fegg.uiz.ac.ma\/wp-content\/uploads\/2026\/04\/IMG_0190-2048x1365-1-300x200.jpg 300w, http:\/\/fegg.uiz.ac.ma\/wp-content\/uploads\/2026\/04\/IMG_0190-2048x1365-1-768x512.jpg 768w, http:\/\/fegg.uiz.ac.ma\/wp-content\/uploads\/2026\/04\/IMG_0190-2048x1365-1-1536x1024.jpg 1536w, http:\/\/fegg.uiz.ac.ma\/wp-content\/uploads\/2026\/04\/IMG_0190-2048x1365-1.jpg 2048w\" sizes=\"(max-width: 1024px) 100vw, 1024px\" \/>\t\t\t\t\t\t\t\t\t\t\t\t\t\t\t<\/div>\n\t\t\t\t<\/div>\n\t\t\t\t<div class=\"elementor-element elementor-element-64efa9a4 elementor-widget elementor-widget-text-editor\" data-id=\"64efa9a4\" data-element_type=\"widget\" data-widget_type=\"text-editor.default\">\n\t\t\t\t<div class=\"elementor-widget-container\">\n\t\t\t<style>\/*! elementor - v3.12.1 - 02-04-2023 *\/\n.elementor-widget-text-editor.elementor-drop-cap-view-stacked .elementor-drop-cap{background-color:#69727d;color:#fff}.elementor-widget-text-editor.elementor-drop-cap-view-framed .elementor-drop-cap{color:#69727d;border:3px solid;background-color:transparent}.elementor-widget-text-editor:not(.elementor-drop-cap-view-default) .elementor-drop-cap{margin-top:8px}.elementor-widget-text-editor:not(.elementor-drop-cap-view-default) .elementor-drop-cap-letter{width:1em;height:1em}.elementor-widget-text-editor .elementor-drop-cap{float:left;text-align:center;line-height:1;font-size:50px}.elementor-widget-text-editor .elementor-drop-cap-letter{display:inline-block}<\/style>\t\t\t\t<div class=\"mot-du-doyen\">\n\n  <h2>Mot du Doyen<\/h2>\n\n  <p>\n    Cr\u00e9\u00e9e en octobre 2020, la Facult\u00e9 d\u2019Economie et de Gestion de Guelmim est la premi\u00e8re facult\u00e9 dans son domaine\n    qui a vu le jour dans les provinces du sud du Maroc et de la R\u00e9gion Oued Noun. Elle accueille actuellement plus\n    de 8000 \u00e9tudiants.\n  <\/p>\n\n  <p>\n    La Facult\u00e9 d\u2019Economie et de Gestion de Guelmim \u0153uvre pour un avenir meilleur d\u2019abord pour ses \u00e9tudiants en leur\n    offrant une formation solide et de qualit\u00e9 dans les diff\u00e9rents domaines li\u00e9s \u00e0 la vie des entreprises, des\n    organisations publiques et des organisations \u00e0 but non lucratif. Elle offre, ainsi, des formations sp\u00e9cialis\u00e9es\n    et transversales tout en int\u00e9grant des modules interdisciplinaires et des programmes favorisant le d\u00e9veloppement\n    personnel, interpersonnel et professionnel de ses \u00e9tudiants.\n  <\/p>\n\n  <p>\n    La facult\u00e9 veille \u00e0 donner un enseignement et un encadrement de tr\u00e8s grande qualit\u00e9 et s\u2019attache \u00e0 d\u00e9velopper\n    l\u2019ouverture d\u2019esprit et l\u2019autonomie intellectuelle. Les offres de formation englobent, ainsi, la Licence, le\n    Master et bient\u00f4t le Doctorat ainsi que les formations continues certifiantes et dipl\u00f4mantes.\n  <\/p>\n\n  <p>\n    La facult\u00e9 se veut aussi un espace d\u2019accompagnement et de d\u00e9veloppement de ses ressources humaines p\u00e9dagogiques\n    et administratives et accorde une attention particuli\u00e8re \u00e0 leur satisfaction et leur \u00e9panouissement.\n  <\/p>\n\n  <p>\n    Au-del\u00e0 de sa mission de base, la vocation de la Facult\u00e9 d\u2019Economie et de Gestion de Guelmim est notamment de\n    contribuer au d\u00e9veloppement de sa R\u00e9gion Guelmim Oued Noun \u00e0 tous les niveaux et de r\u00e9pondre aux attentes de ses\n    diff\u00e9rentes parties prenantes. En tant que Doyen, je m\u2019investis personnellement avec l\u2019aide d\u2019une \u00e9quipe\n    professorale et administrative dynamique et ce en d\u00e9ployant les ressources de la facult\u00e9 dans les diff\u00e9rents\n    projets strat\u00e9giques de la R\u00e9gion.\n  <\/p>\n\n  <p>\n    Ancr\u00e9e dans son territoire, la Facult\u00e9 d\u2019Economie et de Gestion est, ainsi, une institution ouverte \u00e0\n    l\u2019international et travaille sur le d\u00e9veloppement de programmes d\u2019\u00e9changes internationaux avec diff\u00e9rentes\n    institutions et \u00e9tablissements du monde.\n  <\/p>\n\n  <p>\n    En tant que Doyen, je tiens \u00e0 pr\u00e9ciser que notre projet de d\u00e9veloppement de la Facult\u00e9 d\u2019Economie et de Gestion\n    de Guelmim s\u2019inscrit dans le cadre de la vision strat\u00e9gique \u00e9tablie par le Conseil Sup\u00e9rieur de l\u2019Education, de\n    la Formation et de la Recherche Scientifique. Cette vision stipule que la recherche scientifique et technique et\n    l\u2019innovation occupent une place strat\u00e9gique dans le d\u00e9veloppement du pays aux niveaux \u00e9conomique, culturel et\n    social et dans le renforcement de leurs capacit\u00e9s comp\u00e9titives au plan mondial.\n  <\/p>\n\n  <p>\n    Notre vision de d\u00e9veloppement de la Facult\u00e9 d\u2019Economie et de Gestion de Guelmim est \u00e9galement en harmonie avec\n    les recommandations du rapport du Nouveau Mod\u00e8le de D\u00e9veloppement, car il pose les bases et les fondements des\n    grandes tendances qui visent \u00e0 am\u00e9liorer la gouvernance du syst\u00e8me d\u2019enseignement sup\u00e9rieur et de recherche\n    scientifique, \u00e0 parvenir \u00e0 une formation de qualit\u00e9, et \u00e0 faire progresser et encadrer la recherche scientifique\n    et l\u2019innovation.\n  <\/p>\n\n  <p>\n    L\u2019esprit de d\u00e9veloppement de la Facult\u00e9 d\u2019Economie et de Gestion de Guelmim trouve aussi son essence dans le Plan\n    d\u2019Acc\u00e9l\u00e9ration de la Transformation de l\u2019Ecosyst\u00e8me d\u2019Enseignement Sup\u00e9rieur, de la Recherche Scientifique et de\n    l\u2019Innovation PACTE ESRI 2030 d\u00e9ploy\u00e9 par Monsieur le Ministre de l\u2019Enseignement Sup\u00e9rieur de la Recherche\n    Scientifique et de l\u2019Innovation.\n  <\/p>\n\n<\/div>\t\t\t\t\t\t<\/div>\n\t\t\t\t<\/div>\n\t\t\t\t\t<\/div>\n\t\t<\/div>\n\t\t\t\t\t\t\t<\/div>\n\t\t<\/section>\n\t\t<div class=\"elementor-element elementor-element-3108306 e-con-boxed e-con\" data-id=\"3108306\" data-element_type=\"container\" data-settings=\"{&quot;content_width&quot;:&quot;boxed&quot;}\">\n\t\t\t\t\t<div class=\"e-con-inner\">\n\t\t\t\t<div class=\"elementor-element elementor-element-b9aa7e5 elementor-widget elementor-widget-gallery\" data-id=\"b9aa7e5\" data-element_type=\"widget\" data-settings=\"{&quot;gallery_layout&quot;:&quot;masonry&quot;,&quot;gap&quot;:{&quot;unit&quot;:&quot;px&quot;,&quot;size&quot;:6,&quot;sizes&quot;:[]},&quot;lazyload&quot;:&quot;yes&quot;,&quot;columns&quot;:4,&quot;columns_tablet&quot;:2,&quot;columns_mobile&quot;:1,&quot;gap_tablet&quot;:{&quot;unit&quot;:&quot;px&quot;,&quot;size&quot;:10,&quot;sizes&quot;:[]},&quot;gap_mobile&quot;:{&quot;unit&quot;:&quot;px&quot;,&quot;size&quot;:10,&quot;sizes&quot;:[]},&quot;link_to&quot;:&quot;file&quot;,&quot;overlay_background&quot;:&quot;yes&quot;,&quot;content_hover_animation&quot;:&quot;fade-in&quot;}\" data-widget_type=\"gallery.default\">\n\t\t\t\t<div class=\"elementor-widget-container\">\n\t\t\t<style>\/*! pro-elements - v3.12.2 - 09-04-2023 *\/\n.elementor-gallery__container{min-height:1px}.elementor-gallery-item{position:relative;overflow:hidden;display:block;text-decoration:none;border:solid var(--image-border-width) var(--image-border-color);border-radius:var(--image-border-radius)}.elementor-gallery-item__content,.elementor-gallery-item__overlay{height:100%;width:100%;position:absolute;top:0;left:0}.elementor-gallery-item__overlay{mix-blend-mode:var(--overlay-mix-blend-mode);transition-duration:var(--overlay-transition-duration);transition-property:mix-blend-mode,transform,opacity,background-color}.elementor-gallery-item__image.e-gallery-image{transition-duration:var(--image-transition-duration);transition-property:filter,transform}.elementor-gallery-item__content{display:flex;flex-direction:column;justify-content:var(--content-justify-content,center);align-items:center;text-align:var(--content-text-align);padding:var(--content-padding)}.elementor-gallery-item__content>div{transition-duration:var(--content-transition-duration)}.elementor-gallery-item__content.elementor-gallery--sequenced-animation>div:nth-child(2){transition-delay:calc(var(--content-transition-delay) \/ 3)}.elementor-gallery-item__content.elementor-gallery--sequenced-animation>div:nth-child(3){transition-delay:calc(var(--content-transition-delay) \/ 3 * 2)}.elementor-gallery-item__content.elementor-gallery--sequenced-animation>div:nth-child(4){transition-delay:calc(var(--content-transition-delay) \/ 3 * 3)}.elementor-gallery-item__description{color:var(--description-text-color,#fff);width:100%}.elementor-gallery-item__title{color:var(--title-text-color,#fff);font-weight:700;width:100%}.elementor-gallery__titles-container{display:flex;flex-wrap:wrap;justify-content:var(--titles-container-justify-content,center);margin-bottom:20px}.elementor-gallery__titles-container:not(.e--pointer-framed) .elementor-item:after,.elementor-gallery__titles-container:not(.e--pointer-framed) .elementor-item:before{background-color:var(--galleries-pointer-bg-color-hover)}.elementor-gallery__titles-container:not(.e--pointer-framed) .elementor-item.elementor-item-active:after,.elementor-gallery__titles-container:not(.e--pointer-framed) .elementor-item.elementor-item-active:before{background-color:var(--galleries-pointer-bg-color-active)}.elementor-gallery__titles-container.e--pointer-framed .elementor-item:before{border-color:var(--galleries-pointer-bg-color-hover);border-width:var(--galleries-pointer-border-width)}.elementor-gallery__titles-container.e--pointer-framed .elementor-item:after{border-color:var(--galleries-pointer-bg-color-hover)}.elementor-gallery__titles-container.e--pointer-framed .elementor-item.elementor-item-active:after,.elementor-gallery__titles-container.e--pointer-framed .elementor-item.elementor-item-active:before{border-color:var(--galleries-pointer-bg-color-active)}.elementor-gallery__titles-container.e--pointer-framed.e--animation-draw .elementor-item:before{border-left-width:var(--galleries-pointer-border-width);border-bottom-width:var(--galleries-pointer-border-width);border-right-width:0;border-top-width:0}.elementor-gallery__titles-container.e--pointer-framed.e--animation-draw .elementor-item:after{border-left-width:0;border-bottom-width:0;border-right-width:var(--galleries-pointer-border-width);border-top-width:var(--galleries-pointer-border-width)}.elementor-gallery__titles-container.e--pointer-framed.e--animation-corners .elementor-item:before{border-left-width:var(--galleries-pointer-border-width);border-bottom-width:0;border-right-width:0;border-top-width:var(--galleries-pointer-border-width)}.elementor-gallery__titles-container.e--pointer-framed.e--animation-corners .elementor-item:after{border-left-width:0;border-bottom-width:var(--galleries-pointer-border-width);border-right-width:var(--galleries-pointer-border-width);border-top-width:0}.elementor-gallery__titles-container .e--pointer-double-line .elementor-item:after,.elementor-gallery__titles-container .e--pointer-double-line .elementor-item:before,.elementor-gallery__titles-container .e--pointer-overline .elementor-item:before,.elementor-gallery__titles-container .e--pointer-underline .elementor-item:after{height:var(--galleries-pointer-border-width)}.elementor-gallery-title{--space-between:10px;cursor:pointer;color:#6d7882;font-weight:500;position:relative;padding:7px 14px;transition:all .3s}.elementor-gallery-title--active{color:#495157}.elementor-gallery-title:not(:last-child){margin-right:var(--space-between)}.elementor-gallery-item__title+.elementor-gallery-item__description{margin-top:var(--description-margin-top)}.e-gallery-item.elementor-gallery-item{transition-property:all}.e-gallery-item.elementor-animated-content .elementor-animated-item--enter-from-bottom,.e-gallery-item.elementor-animated-content .elementor-animated-item--enter-from-left,.e-gallery-item.elementor-animated-content .elementor-animated-item--enter-from-right,.e-gallery-item.elementor-animated-content .elementor-animated-item--enter-from-top,.e-gallery-item:hover .elementor-gallery__item-overlay-bg,.e-gallery-item:hover .elementor-gallery__item-overlay-content,.e-gallery-item:hover .elementor-gallery__item-overlay-content__description,.e-gallery-item:hover .elementor-gallery__item-overlay-content__title{opacity:1}a.elementor-item.elementor-gallery-title{color:var(--galleries-title-color-normal)}a.elementor-item.elementor-gallery-title.elementor-item-active,a.elementor-item.elementor-gallery-title.highlighted,a.elementor-item.elementor-gallery-title:focus,a.elementor-item.elementor-gallery-title:hover{color:var(--galleries-title-color-hover)}a.elementor-item.elementor-gallery-title.elementor-item-active{color:var(--gallery-title-color-active)}.e-con-inner>.elementor-widget-gallery,.e-con>.elementor-widget-gallery{width:var(--container-widget-width);--flex-grow:var(--container-widget-flex-grow)}<\/style>\t\t<div class=\"elementor-gallery__container\">\n\t\t\t\t\t\t\t<a class=\"e-gallery-item elementor-gallery-item elementor-animated-content\" href=\"http:\/\/fegg.uiz.ac.ma\/wp-content\/uploads\/2026\/04\/Photos_COCzi9cCa4.jpg\" data-elementor-open-lightbox=\"yes\" data-elementor-lightbox-slideshow=\"all-b9aa7e5\" data-elementor-lightbox-title=\"Photos_COCzi9cCa4\" data-e-action-hash=\"#elementor-action%3Aaction%3Dlightbox%26settings%3DeyJpZCI6Mzc5MiwidXJsIjoiaHR0cDpcL1wvZmVnZy51aXouYWMubWFcL3dwLWNvbnRlbnRcL3VwbG9hZHNcLzIwMjZcLzA0XC9QaG90b3NfQ09Demk5Y0NhNC5qcGciLCJzbGlkZXNob3ciOiJhbGwtYjlhYTdlNSJ9\">\n\t\t\t\t\t<div class=\"e-gallery-image elementor-gallery-item__image\" data-thumbnail=\"http:\/\/fegg.uiz.ac.ma\/wp-content\/uploads\/2026\/04\/Photos_COCzi9cCa4.jpg\" data-width=\"1600\" data-height=\"909\" aria-label=\"\" role=\"img\" ><\/div>\n\t\t\t\t\t\t\t\t\t\t\t<div class=\"elementor-gallery-item__overlay\"><\/div>\n\t\t\t\t\t\t\t\t\t\t\t\t\t\t<\/a>\n\t\t\t\t\t\t\t<a class=\"e-gallery-item elementor-gallery-item elementor-animated-content\" href=\"http:\/\/fegg.uiz.ac.ma\/wp-content\/uploads\/2024\/01\/IMG-20240103-WA0012.jpg\" data-elementor-open-lightbox=\"yes\" data-elementor-lightbox-slideshow=\"all-b9aa7e5\" data-elementor-lightbox-title=\"IMG-20240103-WA0012\" data-e-action-hash=\"#elementor-action%3Aaction%3Dlightbox%26settings%3DeyJpZCI6MjY5MiwidXJsIjoiaHR0cDpcL1wvZmVnZy51aXouYWMubWFcL3dwLWNvbnRlbnRcL3VwbG9hZHNcLzIwMjRcLzAxXC9JTUctMjAyNDAxMDMtV0EwMDEyLmpwZyIsInNsaWRlc2hvdyI6ImFsbC1iOWFhN2U1In0%3D\">\n\t\t\t\t\t<div class=\"e-gallery-image elementor-gallery-item__image\" data-thumbnail=\"http:\/\/fegg.uiz.ac.ma\/wp-content\/uploads\/2024\/01\/IMG-20240103-WA0012.jpg\" data-width=\"1600\" data-height=\"1066\" aria-label=\"\" role=\"img\" ><\/div>\n\t\t\t\t\t\t\t\t\t\t\t<div class=\"elementor-gallery-item__overlay\"><\/div>\n\t\t\t\t\t\t\t\t\t\t\t\t\t\t<\/a>\n\t\t\t\t\t\t\t<a class=\"e-gallery-item elementor-gallery-item elementor-animated-content\" href=\"http:\/\/fegg.uiz.ac.ma\/wp-content\/uploads\/2023\/12\/WhatsApp-Image-2023-12-24-at-19.55.56.jpeg\" data-elementor-open-lightbox=\"yes\" data-elementor-lightbox-slideshow=\"all-b9aa7e5\" data-elementor-lightbox-title=\"WhatsApp Image 2023-12-24 at 19.55.56\" data-e-action-hash=\"#elementor-action%3Aaction%3Dlightbox%26settings%3DeyJpZCI6MjYyNCwidXJsIjoiaHR0cDpcL1wvZmVnZy51aXouYWMubWFcL3dwLWNvbnRlbnRcL3VwbG9hZHNcLzIwMjNcLzEyXC9XaGF0c0FwcC1JbWFnZS0yMDIzLTEyLTI0LWF0LTE5LjU1LjU2LmpwZWciLCJzbGlkZXNob3ciOiJhbGwtYjlhYTdlNSJ9\">\n\t\t\t\t\t<div class=\"e-gallery-image elementor-gallery-item__image\" data-thumbnail=\"http:\/\/fegg.uiz.ac.ma\/wp-content\/uploads\/2023\/12\/WhatsApp-Image-2023-12-24-at-19.55.56.jpeg\" data-width=\"1200\" data-height=\"1600\" aria-label=\"\" role=\"img\" ><\/div>\n\t\t\t\t\t\t\t\t\t\t\t<div class=\"elementor-gallery-item__overlay\"><\/div>\n\t\t\t\t\t\t\t\t\t\t\t\t\t\t<\/a>\n\t\t\t\t\t\t\t<a class=\"e-gallery-item elementor-gallery-item elementor-animated-content\" href=\"http:\/\/fegg.uiz.ac.ma\/wp-content\/uploads\/2023\/12\/WhatsApp-Image-2023-12-24-at-19.55.56-1.jpeg\" data-elementor-open-lightbox=\"yes\" data-elementor-lightbox-slideshow=\"all-b9aa7e5\" data-elementor-lightbox-title=\"WhatsApp Image 2023-12-24 at 19.55.56\" data-e-action-hash=\"#elementor-action%3Aaction%3Dlightbox%26settings%3DeyJpZCI6MjY0NCwidXJsIjoiaHR0cDpcL1wvZmVnZy51aXouYWMubWFcL3dwLWNvbnRlbnRcL3VwbG9hZHNcLzIwMjNcLzEyXC9XaGF0c0FwcC1JbWFnZS0yMDIzLTEyLTI0LWF0LTE5LjU1LjU2LTEuanBlZyIsInNsaWRlc2hvdyI6ImFsbC1iOWFhN2U1In0%3D\">\n\t\t\t\t\t<div class=\"e-gallery-image elementor-gallery-item__image\" data-thumbnail=\"http:\/\/fegg.uiz.ac.ma\/wp-content\/uploads\/2023\/12\/WhatsApp-Image-2023-12-24-at-19.55.56-1.jpeg\" data-width=\"1200\" data-height=\"1600\" aria-label=\"\" role=\"img\" ><\/div>\n\t\t\t\t\t\t\t\t\t\t\t<div class=\"elementor-gallery-item__overlay\"><\/div>\n\t\t\t\t\t\t\t\t\t\t\t\t\t\t<\/a>\n\t\t\t\t\t\t\t<a class=\"e-gallery-item elementor-gallery-item elementor-animated-content\" href=\"http:\/\/fegg.uiz.ac.ma\/wp-content\/uploads\/2024\/01\/IMG-20240103-WA0022.jpg\" data-elementor-open-lightbox=\"yes\" data-elementor-lightbox-slideshow=\"all-b9aa7e5\" data-elementor-lightbox-title=\"IMG-20240103-WA0022\" data-e-action-hash=\"#elementor-action%3Aaction%3Dlightbox%26settings%3DeyJpZCI6MjY4MiwidXJsIjoiaHR0cDpcL1wvZmVnZy51aXouYWMubWFcL3dwLWNvbnRlbnRcL3VwbG9hZHNcLzIwMjRcLzAxXC9JTUctMjAyNDAxMDMtV0EwMDIyLmpwZyIsInNsaWRlc2hvdyI6ImFsbC1iOWFhN2U1In0%3D\">\n\t\t\t\t\t<div class=\"e-gallery-image elementor-gallery-item__image\" data-thumbnail=\"http:\/\/fegg.uiz.ac.ma\/wp-content\/uploads\/2024\/01\/IMG-20240103-WA0022.jpg\" data-width=\"1600\" data-height=\"1066\" aria-label=\"\" role=\"img\" ><\/div>\n\t\t\t\t\t\t\t\t\t\t\t<div class=\"elementor-gallery-item__overlay\"><\/div>\n\t\t\t\t\t\t\t\t\t\t\t\t\t\t<\/a>\n\t\t\t\t\t\t\t<a class=\"e-gallery-item elementor-gallery-item elementor-animated-content\" href=\"http:\/\/fegg.uiz.ac.ma\/wp-content\/uploads\/2024\/01\/IMG-20240103-WA0014.jpg\" data-elementor-open-lightbox=\"yes\" data-elementor-lightbox-slideshow=\"all-b9aa7e5\" data-elementor-lightbox-title=\"IMG-20240103-WA0014\" data-e-action-hash=\"#elementor-action%3Aaction%3Dlightbox%26settings%3DeyJpZCI6MjY4NiwidXJsIjoiaHR0cDpcL1wvZmVnZy51aXouYWMubWFcL3dwLWNvbnRlbnRcL3VwbG9hZHNcLzIwMjRcLzAxXC9JTUctMjAyNDAxMDMtV0EwMDE0LmpwZyIsInNsaWRlc2hvdyI6ImFsbC1iOWFhN2U1In0%3D\">\n\t\t\t\t\t<div class=\"e-gallery-image elementor-gallery-item__image\" data-thumbnail=\"http:\/\/fegg.uiz.ac.ma\/wp-content\/uploads\/2024\/01\/IMG-20240103-WA0014.jpg\" data-width=\"1600\" data-height=\"1066\" aria-label=\"\" role=\"img\" ><\/div>\n\t\t\t\t\t\t\t\t\t\t\t<div class=\"elementor-gallery-item__overlay\"><\/div>\n\t\t\t\t\t\t\t\t\t\t\t\t\t\t<\/a>\n\t\t\t\t\t\t\t<a class=\"e-gallery-item elementor-gallery-item elementor-animated-content\" href=\"http:\/\/fegg.uiz.ac.ma\/wp-content\/uploads\/2024\/01\/IMG-20240103-WA0015.jpg\" data-elementor-open-lightbox=\"yes\" data-elementor-lightbox-slideshow=\"all-b9aa7e5\" data-elementor-lightbox-title=\"IMG-20240103-WA0015\" data-e-action-hash=\"#elementor-action%3Aaction%3Dlightbox%26settings%3DeyJpZCI6MjY4NywidXJsIjoiaHR0cDpcL1wvZmVnZy51aXouYWMubWFcL3dwLWNvbnRlbnRcL3VwbG9hZHNcLzIwMjRcLzAxXC9JTUctMjAyNDAxMDMtV0EwMDE1LmpwZyIsInNsaWRlc2hvdyI6ImFsbC1iOWFhN2U1In0%3D\">\n\t\t\t\t\t<div class=\"e-gallery-image elementor-gallery-item__image\" data-thumbnail=\"http:\/\/fegg.uiz.ac.ma\/wp-content\/uploads\/2024\/01\/IMG-20240103-WA0015.jpg\" data-width=\"1600\" data-height=\"1066\" aria-label=\"\" role=\"img\" ><\/div>\n\t\t\t\t\t\t\t\t\t\t\t<div class=\"elementor-gallery-item__overlay\"><\/div>\n\t\t\t\t\t\t\t\t\t\t\t\t\t\t<\/a>\n\t\t\t\t\t\t\t<a class=\"e-gallery-item elementor-gallery-item elementor-animated-content\" href=\"http:\/\/fegg.uiz.ac.ma\/wp-content\/uploads\/2024\/01\/IMG-20240103-WA0028.jpg\" data-elementor-open-lightbox=\"yes\" data-elementor-lightbox-slideshow=\"all-b9aa7e5\" data-elementor-lightbox-title=\"IMG-20240103-WA0028\" data-e-action-hash=\"#elementor-action%3Aaction%3Dlightbox%26settings%3DeyJpZCI6MjY3OSwidXJsIjoiaHR0cDpcL1wvZmVnZy51aXouYWMubWFcL3dwLWNvbnRlbnRcL3VwbG9hZHNcLzIwMjRcLzAxXC9JTUctMjAyNDAxMDMtV0EwMDI4LmpwZyIsInNsaWRlc2hvdyI6ImFsbC1iOWFhN2U1In0%3D\">\n\t\t\t\t\t<div class=\"e-gallery-image elementor-gallery-item__image\" data-thumbnail=\"http:\/\/fegg.uiz.ac.ma\/wp-content\/uploads\/2024\/01\/IMG-20240103-WA0028.jpg\" data-width=\"1600\" data-height=\"1066\" aria-label=\"\" role=\"img\" ><\/div>\n\t\t\t\t\t\t\t\t\t\t\t<div class=\"elementor-gallery-item__overlay\"><\/div>\n\t\t\t\t\t\t\t\t\t\t\t\t\t\t<\/a>\n\t\t\t\t\t\t\t<a class=\"e-gallery-item elementor-gallery-item elementor-animated-content\" href=\"http:\/\/fegg.uiz.ac.ma\/wp-content\/uploads\/2024\/01\/IMG-20240103-WA0032.jpg\" data-elementor-open-lightbox=\"yes\" data-elementor-lightbox-slideshow=\"all-b9aa7e5\" data-elementor-lightbox-title=\"IMG-20240103-WA0032\" data-e-action-hash=\"#elementor-action%3Aaction%3Dlightbox%26settings%3DeyJpZCI6MjY3NSwidXJsIjoiaHR0cDpcL1wvZmVnZy51aXouYWMubWFcL3dwLWNvbnRlbnRcL3VwbG9hZHNcLzIwMjRcLzAxXC9JTUctMjAyNDAxMDMtV0EwMDMyLmpwZyIsInNsaWRlc2hvdyI6ImFsbC1iOWFhN2U1In0%3D\">\n\t\t\t\t\t<div class=\"e-gallery-image elementor-gallery-item__image\" data-thumbnail=\"http:\/\/fegg.uiz.ac.ma\/wp-content\/uploads\/2024\/01\/IMG-20240103-WA0032.jpg\" data-width=\"1600\" data-height=\"1066\" aria-label=\"\" role=\"img\" ><\/div>\n\t\t\t\t\t\t\t\t\t\t\t<div class=\"elementor-gallery-item__overlay\"><\/div>\n\t\t\t\t\t\t\t\t\t\t\t\t\t\t<\/a>\n\t\t\t\t\t\t\t<a class=\"e-gallery-item elementor-gallery-item elementor-animated-content\" href=\"http:\/\/fegg.uiz.ac.ma\/wp-content\/uploads\/2024\/01\/IMG-20240102-WA0029.jpg\" data-elementor-open-lightbox=\"yes\" data-elementor-lightbox-slideshow=\"all-b9aa7e5\" data-elementor-lightbox-title=\"IMG-20240102-WA0029\" data-e-action-hash=\"#elementor-action%3Aaction%3Dlightbox%26settings%3DeyJpZCI6MjY2NSwidXJsIjoiaHR0cDpcL1wvZmVnZy51aXouYWMubWFcL3dwLWNvbnRlbnRcL3VwbG9hZHNcLzIwMjRcLzAxXC9JTUctMjAyNDAxMDItV0EwMDI5LmpwZyIsInNsaWRlc2hvdyI6ImFsbC1iOWFhN2U1In0%3D\">\n\t\t\t\t\t<div class=\"e-gallery-image elementor-gallery-item__image\" data-thumbnail=\"http:\/\/fegg.uiz.ac.ma\/wp-content\/uploads\/2024\/01\/IMG-20240102-WA0029.jpg\" data-width=\"1024\" data-height=\"682\" aria-label=\"\" role=\"img\" ><\/div>\n\t\t\t\t\t\t\t\t\t\t\t<div class=\"elementor-gallery-item__overlay\"><\/div>\n\t\t\t\t\t\t\t\t\t\t\t\t\t\t<\/a>\n\t\t\t\t\t<\/div>\n\t\t\t<\/div>\n\t\t\t\t<\/div>\n\t\t\t\t\t<\/div>\n\t\t\t\t<\/div>\n\t\t\t\t\t\t\t<\/div>\n\t\t","protected":false},"excerpt":{"rendered":"<p>Mot du Doyen Cr\u00e9\u00e9e en octobre 2020, la Facult\u00e9 d\u2019Economie et de Gestion de Guelmim est la premi\u00e8re facult\u00e9 dans son domaine qui a vu le jour dans les provinces du sud du Maroc et de la R\u00e9gion Oued Noun. Elle accueille actuellement plus de 8000 \u00e9tudiants. La Facult\u00e9 d\u2019Economie et de Gestion de Guelmim &hellip;<\/p>\n<p class=\"read-more\"> <a class=\"\" href=\"http:\/\/fegg.uiz.ac.ma\/?page_id=470\"> <span class=\"screen-reader-text\">Mot Du Doyen<\/span> Read More &raquo;<\/a><\/p>\n","protected":false},"author":1,"featured_media":471,"parent":0,"menu_order":0,"comment_status":"closed","ping_status":"closed","template":"","meta":{"site-sidebar-layout":"default","site-content-layout":"default","ast-global-header-display":"","ast-main-header-display":"","ast-hfb-above-header-display":"","ast-hfb-below-header-display":"","ast-hfb-mobile-header-display":"","site-post-title":"","ast-breadcrumbs-content":"","ast-featured-img":"","footer-sml-layout":"","theme-transparent-header-meta":"","adv-header-id-meta":"","stick-header-meta":"","header-above-stick-meta":"","header-main-stick-meta":"","header-below-stick-meta":""},"acf":[],"_links":{"self":[{"href":"http:\/\/fegg.uiz.ac.ma\/index.php?rest_route=\/wp\/v2\/pages\/470"}],"collection":[{"href":"http:\/\/fegg.uiz.ac.ma\/index.php?rest_route=\/wp\/v2\/pages"}],"about":[{"href":"http:\/\/fegg.uiz.ac.ma\/index.php?rest_route=\/wp\/v2\/types\/page"}],"author":[{"embeddable":true,"href":"http:\/\/fegg.uiz.ac.ma\/index.php?rest_route=\/wp\/v2\/users\/1"}],"replies":[{"embeddable":true,"href":"http:\/\/fegg.uiz.ac.ma\/index.php?rest_route=%2Fwp%2Fv2%2Fcomments&post=470"}],"version-history":[{"count":9,"href":"http:\/\/fegg.uiz.ac.ma\/index.php?rest_route=\/wp\/v2\/pages\/470\/revisions"}],"predecessor-version":[{"id":3798,"href":"http:\/\/fegg.uiz.ac.ma\/index.php?rest_route=\/wp\/v2\/pages\/470\/revisions\/3798"}],"wp:featuredmedia":[{"embeddable":true,"href":"http:\/\/fegg.uiz.ac.ma\/index.php?rest_route=\/wp\/v2\/media\/471"}],"wp:attachment":[{"href":"http:\/\/fegg.uiz.ac.ma\/index.php?rest_route=%2Fwp%2Fv2%2Fmedia&parent=470"}],"curies":[{"name":"wp","href":"https:\/\/api.w.org\/{rel}","templated":true}]}}