{"id":583,"date":"2023-05-03T17:29:03","date_gmt":"2023-05-03T17:29:03","guid":{"rendered":"http:\/\/fegg.uiz.ac.ma\/?page_id=583"},"modified":"2023-05-03T17:36:16","modified_gmt":"2023-05-03T17:36:16","slug":"departements","status":"publish","type":"page","link":"http:\/\/fegg.uiz.ac.ma\/?page_id=583","title":{"rendered":"D\u00e9partements"},"content":{"rendered":"\n<p>Les \u00e9tablissements universitaires regroupent des d\u00e9partements correspondant \u00e0 des disciplines et des champs d\u2019\u00e9tude et de recherche et des services. Ils peuvent \u00e9galement cr\u00e9er, apr\u00e8s accord du conseil de l\u2019universit\u00e9, des centres d\u2019enseignement, de formation, d\u2019\u00e9tudes et\/ou de recherche.<\/p>\n\n\n\n<p>Le d\u00e9partement est compos\u00e9 de l\u2019ensemble des enseignants-chercheurs titulaires. Le d\u00e9partement est dirig\u00e9 par un chef du d\u00e9partement \u00e9lu pour 2 ans, il coordonne les activit\u00e9s scientifiques et p\u00e9dagogiques et assure la liaison avec le d\u00e9canat.<\/p>\n\n\n\n<p>Le d\u00e9partement assure la r\u00e9partition des services d\u2019enseignement arr\u00eat\u00e9e chaque ann\u00e9e par le chef d\u2019\u00e9tablissement sur proposition des chefs des d\u00e9partements et des responsables des fili\u00e8res, et des unit\u00e9s de formation et de recherche.&nbsp;Le d\u00e9partement assure, ainsi, l\u2019ex\u00e9cution des programmes d\u2019enseignement, pr\u00e9sente des propositions relatives aux programmes d\u2019enseignement, de recherches, aux activit\u00e9s scientifiques ponctuelles, aux publications scientifiques et \u00e9tudie les besoins du d\u00e9partement et soumet des propositions en ce sens au Doyen.<\/p>\n\n\n\n<blockquote class=\"wp-block-quote\">\n<p>La Facult\u00e9 d\u2019Economie et de Gestion de Guelmim abrite deux d\u00e9partements&nbsp;: un d\u00e9partement Economie et un d\u00e9partement Gestion.<\/p>\n<\/blockquote>\n\n\n\n<h2 class=\"wp-block-heading\">Le d\u00e9partement Economie<\/h2>\n\n\n\n<p>Les sciences \u00e9conomiques constituent l\u2019essence des enseignements et de la recherche dans le domaine de l\u2019\u00e9conomie avant l\u2019\u00e9mergence des sciences de gestion.&nbsp;<\/p>\n\n\n\n<p>Le d\u00e9partement d\u2019Economie \u0153uvre pour le d\u00e9veloppement des comp\u00e9tences avanc\u00e9es de ses membres et des \u00e9tudiants aussi bien en th\u00e9orie \u00e9conomique qu\u2019en analyse statistique en alliant une approche quantitative \u00e9labor\u00e9e permettant le d\u00e9veloppement des m\u00e9thodes et d\u2019outils de calcul performants, et une approche qualitative permettant une analyse en profondeur et une compr\u00e9hension globale de l\u2019interaction des facteurs, des enjeux et de leurs implications.<\/p>\n\n\n\n<h2 class=\"wp-block-heading\">Le d\u00e9partement Gestion<\/h2>\n\n\n\n<p>Le d\u00e9partement de Gestion s\u2019int\u00e9resse au d\u00e9veloppement des enseignements et de la recherche en sciences de gestion.\u00a0L\u2019enseignement s\u2019articule autour des piliers de la gestion\u00a0: la finance, le marketing, l\u2019audit et la comptabilit\u00e9, la strat\u00e9gie, la gestion des organisations et des ressources humaines, le management des syst\u00e8mes d\u2019information ainsi que les disciplines et sciences en \u00e9troit croisement avec celles de management.<\/p>\n\n\n\n<figure class=\"wp-block-gallery has-nested-images columns-3 is-cropped wp-block-gallery-1 is-layout-flex\">\n<figure class=\"wp-block-image size-large\"><img decoding=\"async\" loading=\"lazy\" width=\"960\" height=\"720\" data-id=\"547\"  src=\"http:\/\/fegg.uiz.ac.ma\/wp-content\/uploads\/2023\/05\/YAS_1911.png\" alt=\"\" class=\"wp-image-547\"\/><\/figure>\n\n\n\n<figure class=\"wp-block-image size-large is-style-default\"><img decoding=\"async\" loading=\"lazy\" width=\"1614\" height=\"476\" data-id=\"546\"  src=\"http:\/\/fegg.uiz.ac.ma\/wp-content\/uploads\/2023\/05\/Picture1.png\" alt=\"\" class=\"wp-image-546\"\/><\/figure>\n\n\n\n<figure class=\"wp-block-image size-large has-custom-border\"><img decoding=\"async\" loading=\"lazy\" width=\"1600\" height=\"1214\" data-id=\"525\"  src=\"http:\/\/fegg.uiz.ac.ma\/wp-content\/uploads\/2023\/05\/WhatsApp-Image-2022-03-26-at-12.51.02.jpeg\" alt=\"\" class=\"wp-image-525\" style=\"border-style:none;border-width:0px\"\/><\/figure>\n\n\n\n<figure class=\"wp-block-image size-large\"><img decoding=\"async\" loading=\"lazy\" width=\"1600\" height=\"879\" data-id=\"526\"  src=\"http:\/\/fegg.uiz.ac.ma\/wp-content\/uploads\/2023\/05\/WhatsApp-Image-2022-03-26-at-12.51.01.jpeg\" alt=\"\" class=\"wp-image-526\"\/><\/figure>\n\n\n\n<figure class=\"wp-block-image size-large\"><img decoding=\"async\" loading=\"lazy\" width=\"1600\" height=\"330\" data-id=\"519\"  src=\"http:\/\/fegg.uiz.ac.ma\/wp-content\/uploads\/2023\/05\/WhatsApp-Image-2022-03-26-at-12.51.032.jpeg\" alt=\"\" class=\"wp-image-519\"\/><\/figure>\n\n\n\n<figure class=\"wp-block-image size-large\"><img decoding=\"async\" loading=\"lazy\" width=\"1600\" height=\"664\" data-id=\"520\"  src=\"http:\/\/fegg.uiz.ac.ma\/wp-content\/uploads\/2023\/05\/WhatsApp-Image-2022-03-26-at-12.51.031.jpeg\" alt=\"\" class=\"wp-image-520\"\/><\/figure>\n\n\n\n<figure class=\"wp-block-image size-large\"><img decoding=\"async\" loading=\"lazy\" width=\"1599\" height=\"875\" data-id=\"521\"  src=\"http:\/\/fegg.uiz.ac.ma\/wp-content\/uploads\/2023\/05\/WhatsApp-Image-2022-03-26-at-12.51.03.jpeg\" alt=\"\" class=\"wp-image-521\"\/><\/figure>\n\n\n\n<figure class=\"wp-block-image size-large\"><img decoding=\"async\" loading=\"lazy\" width=\"1599\" height=\"795\" data-id=\"523\"  src=\"http:\/\/fegg.uiz.ac.ma\/wp-content\/uploads\/2023\/05\/WhatsApp-Image-2022-03-26-at-12.51.022.jpeg\" alt=\"\" class=\"wp-image-523\"\/><\/figure>\n<\/figure>\n","protected":false},"excerpt":{"rendered":"<p>Les \u00e9tablissements universitaires regroupent des d\u00e9partements correspondant \u00e0 des disciplines et des champs d\u2019\u00e9tude et de recherche et des services. Ils peuvent \u00e9galement cr\u00e9er, apr\u00e8s accord du conseil de l\u2019universit\u00e9, des centres d\u2019enseignement, de formation, d\u2019\u00e9tudes et\/ou de recherche. Le d\u00e9partement est compos\u00e9 de l\u2019ensemble des enseignants-chercheurs titulaires. Le d\u00e9partement est dirig\u00e9 par un chef &hellip;<\/p>\n<p class=\"read-more\"> <a class=\"\" href=\"http:\/\/fegg.uiz.ac.ma\/?page_id=583\"> <span class=\"screen-reader-text\">D\u00e9partements<\/span> Read More &raquo;<\/a><\/p>\n","protected":false},"author":1,"featured_media":208,"parent":0,"menu_order":0,"comment_status":"closed","ping_status":"closed","template":"","meta":{"site-sidebar-layout":"default","site-content-layout":"default","ast-global-header-display":"","ast-main-header-display":"","ast-hfb-above-header-display":"","ast-hfb-below-header-display":"","ast-hfb-mobile-header-display":"","site-post-title":"","ast-breadcrumbs-content":"","ast-featured-img":"","footer-sml-layout":"","theme-transparent-header-meta":"","adv-header-id-meta":"","stick-header-meta":"","header-above-stick-meta":"","header-main-stick-meta":"","header-below-stick-meta":""},"acf":[],"_links":{"self":[{"href":"http:\/\/fegg.uiz.ac.ma\/index.php?rest_route=\/wp\/v2\/pages\/583"}],"collection":[{"href":"http:\/\/fegg.uiz.ac.ma\/index.php?rest_route=\/wp\/v2\/pages"}],"about":[{"href":"http:\/\/fegg.uiz.ac.ma\/index.php?rest_route=\/wp\/v2\/types\/page"}],"author":[{"embeddable":true,"href":"http:\/\/fegg.uiz.ac.ma\/index.php?rest_route=\/wp\/v2\/users\/1"}],"replies":[{"embeddable":true,"href":"http:\/\/fegg.uiz.ac.ma\/index.php?rest_route=%2Fwp%2Fv2%2Fcomments&post=583"}],"version-history":[{"count":4,"href":"http:\/\/fegg.uiz.ac.ma\/index.php?rest_route=\/wp\/v2\/pages\/583\/revisions"}],"predecessor-version":[{"id":589,"href":"http:\/\/fegg.uiz.ac.ma\/index.php?rest_route=\/wp\/v2\/pages\/583\/revisions\/589"}],"wp:featuredmedia":[{"embeddable":true,"href":"http:\/\/fegg.uiz.ac.ma\/index.php?rest_route=\/wp\/v2\/media\/208"}],"wp:attachment":[{"href":"http:\/\/fegg.uiz.ac.ma\/index.php?rest_route=%2Fwp%2Fv2%2Fmedia&parent=583"}],"curies":[{"name":"wp","href":"https:\/\/api.w.org\/{rel}","templated":true}]}}